{"id":311,"date":"2018-07-19T02:04:16","date_gmt":"2018-07-19T06:04:16","guid":{"rendered":"http:\/\/www.inmobiliariapurranque.cl\/Purranque18\/?page_id=311"},"modified":"2018-07-19T02:04:28","modified_gmt":"2018-07-19T06:04:28","slug":"quienes-somos","status":"publish","type":"page","link":"http:\/\/www.inmobiliariapurranque.cl\/Purranque18\/quienes-somos\/","title":{"rendered":"Quienes somos"},"content":{"rendered":"<p>Somos una empresa familiar que lleva m\u00e1s de 20 a\u00f1os de participaci\u00f3n en la inversi\u00f3n y desarrollo de proyectos en el rubro inmobiliario.\u00a0 Nos caracterizamos por buscar puntos estrat\u00e9gicos en zonas donde se requiere una necesidad ya sea de centro comerciales de peque\u00f1a y\/o de oficinas. Excelentes ubicaciones, estudiados dise\u00f1os, altos est\u00e1ndares de calidad, los mejores profesionales asociados y un equipo humano que proporciona un excelente nivel de servicios, son algunas de las caracter\u00edsticas que usted encontrar\u00e1 en cada una de nuestras obras.<\/p>\n<blockquote><p>Hoy\u00a0 nos posicionamos\u00a0 como una empresa peque\u00f1a pero eficiente y con gran manejo en el rubro con una mirada futurista con proyectos innovadores en diferentes comunas de la capital.<\/p><\/blockquote>\n<p>Nuestro equipo de profesionales\u00a0 en el sector Inmobiliario y constructor, cuentan con una amplia experiencia y capacidad para lograr los proyectos.<\/p>\n","protected":false},"excerpt":{"rendered":"<div class=\"post-excerpt\">Somos una empresa familiar que lleva m\u00e1s de 20 a\u00f1os de participaci\u00f3n en la inversi\u00f3n y desarrollo de proyectos en el rubro inmobiliario.\u00a0 Nos caracterizamos por buscar puntos estrat\u00e9gicos en&hellip;<\/div>\n","protected":false},"author":2,"featured_media":312,"parent":0,"menu_order":0,"comment_status":"closed","ping_status":"closed","template":"","meta":[],"_links":{"self":[{"href":"http:\/\/www.inmobiliariapurranque.cl\/Purranque18\/wp-json\/wp\/v2\/pages\/311"}],"collection":[{"href":"http:\/\/www.inmobiliariapurranque.cl\/Purranque18\/wp-json\/wp\/v2\/pages"}],"about":[{"href":"http:\/\/www.inmobiliariapurranque.cl\/Purranque18\/wp-json\/wp\/v2\/types\/page"}],"author":[{"embeddable":true,"href":"http:\/\/www.inmobiliariapurranque.cl\/Purranque18\/wp-json\/wp\/v2\/users\/2"}],"replies":[{"embeddable":true,"href":"http:\/\/www.inmobiliariapurranque.cl\/Purranque18\/wp-json\/wp\/v2\/comments?post=311"}],"version-history":[{"count":1,"href":"http:\/\/www.inmobiliariapurranque.cl\/Purranque18\/wp-json\/wp\/v2\/pages\/311\/revisions"}],"predecessor-version":[{"id":313,"href":"http:\/\/www.inmobiliariapurranque.cl\/Purranque18\/wp-json\/wp\/v2\/pages\/311\/revisions\/313"}],"wp:featuredmedia":[{"embeddable":true,"href":"http:\/\/www.inmobiliariapurranque.cl\/Purranque18\/wp-json\/wp\/v2\/media\/312"}],"wp:attachment":[{"href":"http:\/\/www.inmobiliariapurranque.cl\/Purranque18\/wp-json\/wp\/v2\/media?parent=311"}],"curies":[{"name":"wp","href":"https:\/\/api.w.org\/{rel}","templated":true}]}}